{"id":2088,"date":"2022-11-26T12:46:01","date_gmt":"2022-11-26T11:46:01","guid":{"rendered":"https:\/\/seepompeii.com\/?post_type=product&#038;p=2088"},"modified":"2026-03-02T15:53:50","modified_gmt":"2026-03-02T14:53:50","slug":"ciondolo-cammeo-con-volto","status":"publish","type":"product","link":"https:\/\/seepompeii.com\/en\/negozio\/ciondolo-cammeo-con-volto\/","title":{"rendered":"Ciondolo Cammeo con Volto"},"content":{"rendered":"<p>Il cammeo \u00e8 inciso a mano su conchiglia sardonica da maestri artigiani di Torre del Greco.<\/p>\n<p>Con montatura in argento 925, impreziosito da foglie, fiore in argento e zircone bianco.<\/p>\n<p>Manifattura di altissima qualit\u00e0.<\/p>\n<p><strong>In quanto prodotto artigianale, il prodotto consegnato potrebbe differire lievemente da quello in foto.<\/strong><\/p>\n<p><strong>Ogni pezzo \u00e8 unico e le piccole differenze conferiscono al prodotto la sua originalit\u00e0 ed esclusivit\u00e0.<\/strong><\/p>\n<p>Completo di catenina in Argento rodiato 925.<\/p>\n","protected":false},"excerpt":{"rendered":"<p>Ciondolo Cammeo con Volto.<\/p>\n<p>Cammeo inciso a mano su conchiglia sardonica.<\/p>\n<p>Montatura in Argento 925 con zircone bianco.<\/p>\n<p>Completo di catenina in argento rodiato 925.<\/p>\n<p><strong>Dimensione cammeo:<\/strong> Cm 30 x 40 (h)<\/p>\n<p><strong>Lunghezza collana:<\/strong> cm 27 [&#8230;]<\/p>\n<p><a class=\"btn btn-secondary understrap-read-more-link\" href=\"https:\/\/seepompeii.com\/en\/negozio\/ciondolo-cammeo-con-volto\/\">Read More&#8230;<span class=\"screen-reader-text\"> from Ciondolo Cammeo con Volto<\/span><\/a><\/p>\n","protected":false},"featured_media":2089,"comment_status":"open","ping_status":"closed","template":"","meta":{"_acf_changed":false,"inline_featured_image":false},"product_brand":[],"product_cat":[183],"product_tag":[],"class_list":{"0":"post-2088","1":"product","2":"type-product","3":"status-publish","4":"has-post-thumbnail","6":"product_cat-gioielli-con-cammeo","8":"first","9":"outofstock","10":"taxable","11":"shipping-taxable","12":"purchasable","13":"product-type-simple"},"acf":[],"yoast_head":"<!-- This site is optimized with the Yoast SEO plugin v27.3 - https:\/\/yoast.com\/product\/yoast-seo-wordpress\/ -->\n<title>Ciondolo Cammeo con Volto &#183; See Pompeii<\/title>\n<meta name=\"description\" content=\"Ciondolo Cammeo con Volto. Montatura in argento 925 con foglie e fiore. Impreziosito da zircone bianco. Completo di catenina in argento 925. Made in Italy\" \/>\n<meta name=\"robots\" content=\"index, follow, max-snippet:-1, max-image-preview:large, max-video-preview:-1\" \/>\n<link rel=\"canonical\" href=\"https:\/\/seepompeii.com\/en\/negozio\/ciondolo-cammeo-con-volto\/\" \/>\n<meta property=\"og:locale\" content=\"en_US\" \/>\n<meta property=\"og:type\" content=\"article\" \/>\n<meta property=\"og:title\" content=\"Ciondolo Cammeo con Volto &#183; See Pompeii\" \/>\n<meta property=\"og:description\" content=\"Ciondolo Cammeo con Volto. Montatura in argento 925 con foglie e fiore. Impreziosito da zircone bianco. Completo di catenina in argento 925. Made in Italy\" \/>\n<meta property=\"og:url\" content=\"https:\/\/seepompeii.com\/en\/negozio\/ciondolo-cammeo-con-volto\/\" \/>\n<meta property=\"og:site_name\" content=\"See Pompeii\" \/>\n<meta property=\"article:modified_time\" content=\"2026-03-02T14:53:50+00:00\" \/>\n<meta property=\"og:image\" content=\"https:\/\/seepompeii.com\/wp-content\/uploads\/2022\/11\/Cammeo-viso-3-mod.jpg\" \/>\n\t<meta property=\"og:image:width\" content=\"1791\" \/>\n\t<meta property=\"og:image:height\" content=\"1791\" \/>\n\t<meta property=\"og:image:type\" content=\"image\/jpeg\" \/>\n<meta name=\"twitter:card\" content=\"summary_large_image\" \/>\n<meta name=\"twitter:label1\" content=\"Est. reading time\" \/>\n\t<meta name=\"twitter:data1\" content=\"1 minute\" \/>\n<script type=\"application\/ld+json\" class=\"yoast-schema-graph\">{\"@context\":\"https:\\\/\\\/schema.org\",\"@graph\":[{\"@type\":\"WebPage\",\"@id\":\"https:\\\/\\\/seepompeii.com\\\/en\\\/negozio\\\/ciondolo-cammeo-con-volto\\\/\",\"url\":\"https:\\\/\\\/seepompeii.com\\\/en\\\/negozio\\\/ciondolo-cammeo-con-volto\\\/\",\"name\":\"Ciondolo Cammeo con Volto &#183; See Pompeii\",\"isPartOf\":{\"@id\":\"https:\\\/\\\/seepompeii.com\\\/#website\"},\"primaryImageOfPage\":{\"@id\":\"https:\\\/\\\/seepompeii.com\\\/en\\\/negozio\\\/ciondolo-cammeo-con-volto\\\/#primaryimage\"},\"image\":{\"@id\":\"https:\\\/\\\/seepompeii.com\\\/en\\\/negozio\\\/ciondolo-cammeo-con-volto\\\/#primaryimage\"},\"thumbnailUrl\":\"https:\\\/\\\/seepompeii.com\\\/wp-content\\\/uploads\\\/2022\\\/11\\\/Cammeo-viso-3-mod.jpg\",\"datePublished\":\"2022-11-26T11:46:01+00:00\",\"dateModified\":\"2026-03-02T14:53:50+00:00\",\"description\":\"Ciondolo Cammeo con Volto. Montatura in argento 925 con foglie e fiore. Impreziosito da zircone bianco. Completo di catenina in argento 925. Made in Italy\",\"breadcrumb\":{\"@id\":\"https:\\\/\\\/seepompeii.com\\\/en\\\/negozio\\\/ciondolo-cammeo-con-volto\\\/#breadcrumb\"},\"inLanguage\":\"en-US\",\"potentialAction\":[{\"@type\":\"ReadAction\",\"target\":[\"https:\\\/\\\/seepompeii.com\\\/en\\\/negozio\\\/ciondolo-cammeo-con-volto\\\/\"]}]},{\"@type\":\"ImageObject\",\"inLanguage\":\"en-US\",\"@id\":\"https:\\\/\\\/seepompeii.com\\\/en\\\/negozio\\\/ciondolo-cammeo-con-volto\\\/#primaryimage\",\"url\":\"https:\\\/\\\/seepompeii.com\\\/wp-content\\\/uploads\\\/2022\\\/11\\\/Cammeo-viso-3-mod.jpg\",\"contentUrl\":\"https:\\\/\\\/seepompeii.com\\\/wp-content\\\/uploads\\\/2022\\\/11\\\/Cammeo-viso-3-mod.jpg\",\"width\":1791,\"height\":1791,\"caption\":\"Ciondolo Cammeo con volto\"},{\"@type\":\"BreadcrumbList\",\"@id\":\"https:\\\/\\\/seepompeii.com\\\/en\\\/negozio\\\/ciondolo-cammeo-con-volto\\\/#breadcrumb\",\"itemListElement\":[{\"@type\":\"ListItem\",\"position\":1,\"name\":\"Home\",\"item\":\"https:\\\/\\\/seepompeii.com\\\/en\\\/\"},{\"@type\":\"ListItem\",\"position\":2,\"name\":\"Shop\",\"item\":\"https:\\\/\\\/seepompeii.com\\\/negozio\\\/\"},{\"@type\":\"ListItem\",\"position\":3,\"name\":\"Ciondolo Cammeo con Volto\"}]},{\"@type\":\"WebSite\",\"@id\":\"https:\\\/\\\/seepompeii.com\\\/#website\",\"url\":\"https:\\\/\\\/seepompeii.com\\\/\",\"name\":\"See Pompeii\",\"description\":\"Reference site about Lorem Ipsum, giving information on its origins, as well as a random Lipsum generator.\",\"publisher\":{\"@id\":\"https:\\\/\\\/seepompeii.com\\\/#organization\"},\"potentialAction\":[{\"@type\":\"SearchAction\",\"target\":{\"@type\":\"EntryPoint\",\"urlTemplate\":\"https:\\\/\\\/seepompeii.com\\\/?s={search_term_string}\"},\"query-input\":{\"@type\":\"PropertyValueSpecification\",\"valueRequired\":true,\"valueName\":\"search_term_string\"}}],\"inLanguage\":\"en-US\"},{\"@type\":\"Organization\",\"@id\":\"https:\\\/\\\/seepompeii.com\\\/#organization\",\"name\":\"See Pompeii\",\"url\":\"https:\\\/\\\/seepompeii.com\\\/\",\"logo\":{\"@type\":\"ImageObject\",\"inLanguage\":\"en-US\",\"@id\":\"https:\\\/\\\/seepompeii.com\\\/#\\\/schema\\\/logo\\\/image\\\/\",\"url\":\"https:\\\/\\\/seepompeii.com\\\/wp-content\\\/uploads\\\/2022\\\/03\\\/logo.svg\",\"contentUrl\":\"https:\\\/\\\/seepompeii.com\\\/wp-content\\\/uploads\\\/2022\\\/03\\\/logo.svg\",\"width\":\"1024\",\"height\":\"1024\",\"caption\":\"See Pompeii\"},\"image\":{\"@id\":\"https:\\\/\\\/seepompeii.com\\\/#\\\/schema\\\/logo\\\/image\\\/\"}}]}<\/script>\n<!-- \/ Yoast SEO plugin. -->","yoast_head_json":{"title":"Ciondolo Cammeo con Volto &#183; See Pompeii","description":"Ciondolo Cammeo con Volto. Montatura in argento 925 con foglie e fiore. Impreziosito da zircone bianco. Completo di catenina in argento 925. Made in Italy","robots":{"index":"index","follow":"follow","max-snippet":"max-snippet:-1","max-image-preview":"max-image-preview:large","max-video-preview":"max-video-preview:-1"},"canonical":"https:\/\/seepompeii.com\/en\/negozio\/ciondolo-cammeo-con-volto\/","og_locale":"en_US","og_type":"article","og_title":"Ciondolo Cammeo con Volto &#183; See Pompeii","og_description":"Ciondolo Cammeo con Volto. Montatura in argento 925 con foglie e fiore. Impreziosito da zircone bianco. Completo di catenina in argento 925. Made in Italy","og_url":"https:\/\/seepompeii.com\/en\/negozio\/ciondolo-cammeo-con-volto\/","og_site_name":"See Pompeii","article_modified_time":"2026-03-02T14:53:50+00:00","og_image":[{"width":1791,"height":1791,"url":"https:\/\/seepompeii.com\/wp-content\/uploads\/2022\/11\/Cammeo-viso-3-mod.jpg","type":"image\/jpeg"}],"twitter_card":"summary_large_image","twitter_misc":{"Est. reading time":"1 minute"},"schema":{"@context":"https:\/\/schema.org","@graph":[{"@type":"WebPage","@id":"https:\/\/seepompeii.com\/en\/negozio\/ciondolo-cammeo-con-volto\/","url":"https:\/\/seepompeii.com\/en\/negozio\/ciondolo-cammeo-con-volto\/","name":"Ciondolo Cammeo con Volto &#183; See Pompeii","isPartOf":{"@id":"https:\/\/seepompeii.com\/#website"},"primaryImageOfPage":{"@id":"https:\/\/seepompeii.com\/en\/negozio\/ciondolo-cammeo-con-volto\/#primaryimage"},"image":{"@id":"https:\/\/seepompeii.com\/en\/negozio\/ciondolo-cammeo-con-volto\/#primaryimage"},"thumbnailUrl":"https:\/\/seepompeii.com\/wp-content\/uploads\/2022\/11\/Cammeo-viso-3-mod.jpg","datePublished":"2022-11-26T11:46:01+00:00","dateModified":"2026-03-02T14:53:50+00:00","description":"Ciondolo Cammeo con Volto. Montatura in argento 925 con foglie e fiore. Impreziosito da zircone bianco. Completo di catenina in argento 925. Made in Italy","breadcrumb":{"@id":"https:\/\/seepompeii.com\/en\/negozio\/ciondolo-cammeo-con-volto\/#breadcrumb"},"inLanguage":"en-US","potentialAction":[{"@type":"ReadAction","target":["https:\/\/seepompeii.com\/en\/negozio\/ciondolo-cammeo-con-volto\/"]}]},{"@type":"ImageObject","inLanguage":"en-US","@id":"https:\/\/seepompeii.com\/en\/negozio\/ciondolo-cammeo-con-volto\/#primaryimage","url":"https:\/\/seepompeii.com\/wp-content\/uploads\/2022\/11\/Cammeo-viso-3-mod.jpg","contentUrl":"https:\/\/seepompeii.com\/wp-content\/uploads\/2022\/11\/Cammeo-viso-3-mod.jpg","width":1791,"height":1791,"caption":"Ciondolo Cammeo con volto"},{"@type":"BreadcrumbList","@id":"https:\/\/seepompeii.com\/en\/negozio\/ciondolo-cammeo-con-volto\/#breadcrumb","itemListElement":[{"@type":"ListItem","position":1,"name":"Home","item":"https:\/\/seepompeii.com\/en\/"},{"@type":"ListItem","position":2,"name":"Shop","item":"https:\/\/seepompeii.com\/negozio\/"},{"@type":"ListItem","position":3,"name":"Ciondolo Cammeo con Volto"}]},{"@type":"WebSite","@id":"https:\/\/seepompeii.com\/#website","url":"https:\/\/seepompeii.com\/","name":"See Pompeii","description":"Reference site about Lorem Ipsum, giving information on its origins, as well as a random Lipsum generator.","publisher":{"@id":"https:\/\/seepompeii.com\/#organization"},"potentialAction":[{"@type":"SearchAction","target":{"@type":"EntryPoint","urlTemplate":"https:\/\/seepompeii.com\/?s={search_term_string}"},"query-input":{"@type":"PropertyValueSpecification","valueRequired":true,"valueName":"search_term_string"}}],"inLanguage":"en-US"},{"@type":"Organization","@id":"https:\/\/seepompeii.com\/#organization","name":"See Pompeii","url":"https:\/\/seepompeii.com\/","logo":{"@type":"ImageObject","inLanguage":"en-US","@id":"https:\/\/seepompeii.com\/#\/schema\/logo\/image\/","url":"https:\/\/seepompeii.com\/wp-content\/uploads\/2022\/03\/logo.svg","contentUrl":"https:\/\/seepompeii.com\/wp-content\/uploads\/2022\/03\/logo.svg","width":"1024","height":"1024","caption":"See Pompeii"},"image":{"@id":"https:\/\/seepompeii.com\/#\/schema\/logo\/image\/"}}]}},"_links":{"self":[{"href":"https:\/\/seepompeii.com\/en\/wp-json\/wp\/v2\/product\/2088","targetHints":{"allow":["GET"]}}],"collection":[{"href":"https:\/\/seepompeii.com\/en\/wp-json\/wp\/v2\/product"}],"about":[{"href":"https:\/\/seepompeii.com\/en\/wp-json\/wp\/v2\/types\/product"}],"replies":[{"embeddable":true,"href":"https:\/\/seepompeii.com\/en\/wp-json\/wp\/v2\/comments?post=2088"}],"wp:featuredmedia":[{"embeddable":true,"href":"https:\/\/seepompeii.com\/en\/wp-json\/wp\/v2\/media\/2089"}],"wp:attachment":[{"href":"https:\/\/seepompeii.com\/en\/wp-json\/wp\/v2\/media?parent=2088"}],"wp:term":[{"taxonomy":"product_brand","embeddable":true,"href":"https:\/\/seepompeii.com\/en\/wp-json\/wp\/v2\/product_brand?post=2088"},{"taxonomy":"product_cat","embeddable":true,"href":"https:\/\/seepompeii.com\/en\/wp-json\/wp\/v2\/product_cat?post=2088"},{"taxonomy":"product_tag","embeddable":true,"href":"https:\/\/seepompeii.com\/en\/wp-json\/wp\/v2\/product_tag?post=2088"}],"curies":[{"name":"wp","href":"https:\/\/api.w.org\/{rel}","templated":true}]}}